{"id":30,"date":"2024-09-14T17:44:33","date_gmt":"2024-09-14T15:44:33","guid":{"rendered":"https:\/\/altibati.fr\/?page_id=30"},"modified":"2025-12-08T13:20:33","modified_gmt":"2025-12-08T12:20:33","slug":"travaux-sur-corde","status":"publish","type":"page","link":"https:\/\/altibati.fr\/index.php\/travaux-sur-corde\/","title":{"rendered":"Travaux sur cordes"},"content":{"rendered":"\n<p>Les travaux sur cordes sont divers. <\/p>\n\n\n\n<p>Dans le b\u00e2timent les chantiers d&rsquo; acc\u00e8s difficiles sont vari\u00e9s. Cela va de&nbsp;la  la r\u00e9paration de couverture \u00e0 la reprise ou au levage de charpente, du nettoyage de ch\u00e9neaux ou de toiture, \u00e0 la reprise de ma\u00e7onnerie ou travaux sur des monuments historiques ou sur diff\u00e9rents autres ouvrages.<\/p>\n\n\n\n<figure class=\"wp-block-image size-large\"><img loading=\"lazy\" decoding=\"async\" width=\"768\" height=\"1024\" src=\"https:\/\/altibati.fr\/wp-content\/uploads\/2025\/12\/IMG_20251120_122538_438-768x1024.jpg\" alt=\"\" class=\"wp-image-221\" srcset=\"https:\/\/altibati.fr\/wp-content\/uploads\/2025\/12\/IMG_20251120_122538_438-768x1024.jpg 768w, https:\/\/altibati.fr\/wp-content\/uploads\/2025\/12\/IMG_20251120_122538_438-225x300.jpg 225w, https:\/\/altibati.fr\/wp-content\/uploads\/2025\/12\/IMG_20251120_122538_438-1152x1536.jpg 1152w, https:\/\/altibati.fr\/wp-content\/uploads\/2025\/12\/IMG_20251120_122538_438-1536x2048.jpg 1536w, https:\/\/altibati.fr\/wp-content\/uploads\/2025\/12\/IMG_20251120_122538_438-1240x1653.jpg 1240w, https:\/\/altibati.fr\/wp-content\/uploads\/2025\/12\/IMG_20251120_122538_438-508x677.jpg 508w, https:\/\/altibati.fr\/wp-content\/uploads\/2025\/12\/IMG_20251120_122538_438-scaled.jpg 1920w\" sizes=\"auto, (max-width: 768px) 100vw, 768px\" \/><\/figure>\n\n\n\n<p><\/p>\n\n\n\n<figure class=\"wp-block-image size-large\"><img loading=\"lazy\" decoding=\"async\" width=\"1024\" height=\"768\" src=\"https:\/\/altibati.fr\/wp-content\/uploads\/2025\/12\/IMG_20251128_113144_537-1024x768.jpg\" alt=\"\" class=\"wp-image-222\" srcset=\"https:\/\/altibati.fr\/wp-content\/uploads\/2025\/12\/IMG_20251128_113144_537-1024x768.jpg 1024w, https:\/\/altibati.fr\/wp-content\/uploads\/2025\/12\/IMG_20251128_113144_537-300x225.jpg 300w, https:\/\/altibati.fr\/wp-content\/uploads\/2025\/12\/IMG_20251128_113144_537-768x576.jpg 768w, https:\/\/altibati.fr\/wp-content\/uploads\/2025\/12\/IMG_20251128_113144_537-1536x1152.jpg 1536w, https:\/\/altibati.fr\/wp-content\/uploads\/2025\/12\/IMG_20251128_113144_537-2048x1536.jpg 2048w, https:\/\/altibati.fr\/wp-content\/uploads\/2025\/12\/IMG_20251128_113144_537-1240x930.jpg 1240w, https:\/\/altibati.fr\/wp-content\/uploads\/2025\/12\/IMG_20251128_113144_537-508x381.jpg 508w\" sizes=\"auto, (max-width: 1024px) 100vw, 1024px\" \/><\/figure>\n\n\n\n<p>Des chantiers d\u2019entretien et de nettoyage de nos monuments sont r\u00e9alis\u00e9s dans le cadre de la conservation de notre patrimoine .<\/p>\n\n\n\n<div class=\"wp-block-columns is-layout-flex wp-container-core-columns-is-layout-9d6595d7 wp-block-columns-is-layout-flex\">\n<div class=\"wp-block-column is-layout-flow wp-block-column-is-layout-flow\">\n<figure class=\"wp-block-image size-large\"><img loading=\"lazy\" decoding=\"async\" width=\"768\" height=\"1024\" src=\"http:\/\/altibati.fr\/wp-content\/uploads\/2025\/04\/IMG_20230314_090123_662-768x1024.jpg\" alt=\"\" class=\"wp-image-164\" srcset=\"https:\/\/altibati.fr\/wp-content\/uploads\/2025\/04\/IMG_20230314_090123_662-768x1024.jpg 768w, https:\/\/altibati.fr\/wp-content\/uploads\/2025\/04\/IMG_20230314_090123_662-225x300.jpg 225w, https:\/\/altibati.fr\/wp-content\/uploads\/2025\/04\/IMG_20230314_090123_662-1152x1536.jpg 1152w, https:\/\/altibati.fr\/wp-content\/uploads\/2025\/04\/IMG_20230314_090123_662-1536x2048.jpg 1536w, https:\/\/altibati.fr\/wp-content\/uploads\/2025\/04\/IMG_20230314_090123_662-1240x1653.jpg 1240w, https:\/\/altibati.fr\/wp-content\/uploads\/2025\/04\/IMG_20230314_090123_662-508x677.jpg 508w, https:\/\/altibati.fr\/wp-content\/uploads\/2025\/04\/IMG_20230314_090123_662-scaled.jpg 1920w\" sizes=\"auto, (max-width: 768px) 100vw, 768px\" \/><\/figure>\n<\/div>\n\n\n\n<div class=\"wp-block-column is-layout-flow wp-block-column-is-layout-flow\">\n<figure class=\"wp-block-image size-large\"><img loading=\"lazy\" decoding=\"async\" width=\"768\" height=\"1024\" src=\"https:\/\/altibati.fr\/wp-content\/uploads\/2025\/04\/IMG_20220609_141343_126-768x1024.jpg\" alt=\"\" class=\"wp-image-163\" srcset=\"https:\/\/altibati.fr\/wp-content\/uploads\/2025\/04\/IMG_20220609_141343_126-768x1024.jpg 768w, https:\/\/altibati.fr\/wp-content\/uploads\/2025\/04\/IMG_20220609_141343_126-225x300.jpg 225w, https:\/\/altibati.fr\/wp-content\/uploads\/2025\/04\/IMG_20220609_141343_126-1152x1536.jpg 1152w, https:\/\/altibati.fr\/wp-content\/uploads\/2025\/04\/IMG_20220609_141343_126-1536x2048.jpg 1536w, https:\/\/altibati.fr\/wp-content\/uploads\/2025\/04\/IMG_20220609_141343_126-1240x1653.jpg 1240w, https:\/\/altibati.fr\/wp-content\/uploads\/2025\/04\/IMG_20220609_141343_126-508x677.jpg 508w, https:\/\/altibati.fr\/wp-content\/uploads\/2025\/04\/IMG_20220609_141343_126-scaled.jpg 1920w\" sizes=\"auto, (max-width: 768px) 100vw, 768px\" \/><\/figure>\n<\/div>\n<\/div>\n\n\n\n<p>Altibati c&rsquo;est aussi des chantiers d\u2019entretien dans les usines, la d\u00e9v\u00e9g\u00e9talisation, le d\u00e9frichage , de talus, de falaises, \u00e0 l&rsquo;abattage d&rsquo;arbres et divers autres travaux d&rsquo; acc\u00e8s difficile.<\/p>\n\n\n\n<div class=\"wp-block-group\"><div class=\"wp-block-group__inner-container is-layout-constrained wp-block-group-is-layout-constrained\">\n<div class=\"wp-block-group is-nowrap is-layout-flex wp-container-core-group-is-layout-ad2f72ca wp-block-group-is-layout-flex\">\n<figure class=\"wp-block-image size-full is-resized\"><img loading=\"lazy\" decoding=\"async\" width=\"1024\" height=\"768\" src=\"https:\/\/altibati.fr\/wp-content\/uploads\/2025\/04\/IMG-20220607-WA0003.jpg\" alt=\"\" class=\"wp-image-176\" style=\"width:776px;height:auto\" srcset=\"https:\/\/altibati.fr\/wp-content\/uploads\/2025\/04\/IMG-20220607-WA0003.jpg 1024w, https:\/\/altibati.fr\/wp-content\/uploads\/2025\/04\/IMG-20220607-WA0003-300x225.jpg 300w, https:\/\/altibati.fr\/wp-content\/uploads\/2025\/04\/IMG-20220607-WA0003-768x576.jpg 768w, https:\/\/altibati.fr\/wp-content\/uploads\/2025\/04\/IMG-20220607-WA0003-508x381.jpg 508w\" sizes=\"auto, (max-width: 1024px) 100vw, 1024px\" \/><\/figure>\n<\/div>\n<\/div><\/div>\n\n\n\n<div class=\"wp-block-group\"><div class=\"wp-block-group__inner-container is-layout-constrained wp-block-group-is-layout-constrained\">\n<div class=\"wp-block-columns is-layout-flex wp-container-core-columns-is-layout-9d6595d7 wp-block-columns-is-layout-flex\">\n<div class=\"wp-block-column is-layout-flow wp-block-column-is-layout-flow\"><\/div>\n<\/div>\n<\/div><\/div>\n\n\n\n<div class=\"wp-block-columns alignwide is-layout-flex wp-container-core-columns-is-layout-9d6595d7 wp-block-columns-is-layout-flex\">\n<div class=\"wp-block-column is-layout-flow wp-block-column-is-layout-flow\">\n<figure class=\"wp-block-image size-large\"><img loading=\"lazy\" decoding=\"async\" width=\"1024\" height=\"690\" src=\"https:\/\/altibati.fr\/wp-content\/uploads\/2025\/03\/IMG-20230608-WA0002-1-1024x690.jpg\" alt=\"\" class=\"wp-image-148\" srcset=\"https:\/\/altibati.fr\/wp-content\/uploads\/2025\/03\/IMG-20230608-WA0002-1-1024x690.jpg 1024w, https:\/\/altibati.fr\/wp-content\/uploads\/2025\/03\/IMG-20230608-WA0002-1-300x202.jpg 300w, https:\/\/altibati.fr\/wp-content\/uploads\/2025\/03\/IMG-20230608-WA0002-1-768x517.jpg 768w, https:\/\/altibati.fr\/wp-content\/uploads\/2025\/03\/IMG-20230608-WA0002-1-1536x1035.jpg 1536w, https:\/\/altibati.fr\/wp-content\/uploads\/2025\/03\/IMG-20230608-WA0002-1-1240x835.jpg 1240w, https:\/\/altibati.fr\/wp-content\/uploads\/2025\/03\/IMG-20230608-WA0002-1-508x342.jpg 508w, https:\/\/altibati.fr\/wp-content\/uploads\/2025\/03\/IMG-20230608-WA0002-1.jpg 1600w\" sizes=\"auto, (max-width: 1024px) 100vw, 1024px\" \/><\/figure>\n<\/div>\n\n\n\n<div class=\"wp-block-column is-layout-flow wp-block-column-is-layout-flow\">\n<figure class=\"wp-block-image size-large is-resized\"><img loading=\"lazy\" decoding=\"async\" width=\"768\" height=\"1024\" src=\"https:\/\/altibati.fr\/wp-content\/uploads\/2025\/04\/IMG_20220720_100834_313-768x1024.jpg\" alt=\"\" class=\"wp-image-174\" style=\"width:335px;height:auto\" srcset=\"https:\/\/altibati.fr\/wp-content\/uploads\/2025\/04\/IMG_20220720_100834_313-768x1024.jpg 768w, https:\/\/altibati.fr\/wp-content\/uploads\/2025\/04\/IMG_20220720_100834_313-225x300.jpg 225w, https:\/\/altibati.fr\/wp-content\/uploads\/2025\/04\/IMG_20220720_100834_313-1152x1536.jpg 1152w, https:\/\/altibati.fr\/wp-content\/uploads\/2025\/04\/IMG_20220720_100834_313-1536x2048.jpg 1536w, https:\/\/altibati.fr\/wp-content\/uploads\/2025\/04\/IMG_20220720_100834_313-1240x1653.jpg 1240w, https:\/\/altibati.fr\/wp-content\/uploads\/2025\/04\/IMG_20220720_100834_313-508x677.jpg 508w, https:\/\/altibati.fr\/wp-content\/uploads\/2025\/04\/IMG_20220720_100834_313-scaled.jpg 1920w\" sizes=\"auto, (max-width: 768px) 100vw, 768px\" \/><\/figure>\n<\/div>\n<\/div>\n","protected":false},"excerpt":{"rendered":"<p>Les travaux sur cordes sont divers. Dans le b\u00e2timent les chantiers d&rsquo; acc\u00e8s difficiles sont vari\u00e9s. Cela va de&nbsp;la la r\u00e9paration de couverture \u00e0 la reprise ou au levage de charpente, du nettoyage de ch\u00e9neaux ou de toiture, \u00e0 la reprise de ma\u00e7onnerie ou travaux sur des monuments historiques ou sur diff\u00e9rents autres ouvrages. Des [&hellip;]<\/p>\n","protected":false},"author":1,"featured_media":177,"parent":0,"menu_order":0,"comment_status":"closed","ping_status":"closed","template":"","meta":{"footnotes":""},"class_list":["post-30","page","type-page","status-publish","has-post-thumbnail","hentry"],"_links":{"self":[{"href":"https:\/\/altibati.fr\/index.php\/wp-json\/wp\/v2\/pages\/30","targetHints":{"allow":["GET"]}}],"collection":[{"href":"https:\/\/altibati.fr\/index.php\/wp-json\/wp\/v2\/pages"}],"about":[{"href":"https:\/\/altibati.fr\/index.php\/wp-json\/wp\/v2\/types\/page"}],"author":[{"embeddable":true,"href":"https:\/\/altibati.fr\/index.php\/wp-json\/wp\/v2\/users\/1"}],"replies":[{"embeddable":true,"href":"https:\/\/altibati.fr\/index.php\/wp-json\/wp\/v2\/comments?post=30"}],"version-history":[{"count":27,"href":"https:\/\/altibati.fr\/index.php\/wp-json\/wp\/v2\/pages\/30\/revisions"}],"predecessor-version":[{"id":223,"href":"https:\/\/altibati.fr\/index.php\/wp-json\/wp\/v2\/pages\/30\/revisions\/223"}],"wp:featuredmedia":[{"embeddable":true,"href":"https:\/\/altibati.fr\/index.php\/wp-json\/wp\/v2\/media\/177"}],"wp:attachment":[{"href":"https:\/\/altibati.fr\/index.php\/wp-json\/wp\/v2\/media?parent=30"}],"curies":[{"name":"wp","href":"https:\/\/api.w.org\/{rel}","templated":true}]}}