{"id":32,"date":"2024-09-14T17:45:06","date_gmt":"2024-09-14T15:45:06","guid":{"rendered":"https:\/\/altibati.fr\/?page_id=32"},"modified":"2025-08-28T14:09:09","modified_gmt":"2025-08-28T12:09:09","slug":"charpente","status":"publish","type":"page","link":"https:\/\/altibati.fr\/index.php\/charpente\/","title":{"rendered":"Charpente"},"content":{"rendered":"\n<p><br><br><br>Altibati propose la r\u00e9alisation de charpente traditionnelle en bois pour des maisons en construction ou en r\u00e9novation ainsi que des maisons en structure bois et des am\u00e9nagements ext\u00e9rieurs.<\/p>\n\n\n\n<figure class=\"wp-block-image size-large\"><img loading=\"lazy\" decoding=\"async\" width=\"1024\" height=\"684\" src=\"https:\/\/altibati.fr\/wp-content\/uploads\/2025\/08\/DSC01755-1024x684.jpg\" alt=\"\" class=\"wp-image-194\" srcset=\"https:\/\/altibati.fr\/wp-content\/uploads\/2025\/08\/DSC01755-1024x684.jpg 1024w, https:\/\/altibati.fr\/wp-content\/uploads\/2025\/08\/DSC01755-300x200.jpg 300w, https:\/\/altibati.fr\/wp-content\/uploads\/2025\/08\/DSC01755-768x513.jpg 768w, https:\/\/altibati.fr\/wp-content\/uploads\/2025\/08\/DSC01755-1536x1026.jpg 1536w, https:\/\/altibati.fr\/wp-content\/uploads\/2025\/08\/DSC01755-2048x1368.jpg 2048w, https:\/\/altibati.fr\/wp-content\/uploads\/2025\/08\/DSC01755-1240x828.jpg 1240w, https:\/\/altibati.fr\/wp-content\/uploads\/2025\/08\/DSC01755-508x339.jpg 508w\" sizes=\"auto, (max-width: 1024px) 100vw, 1024px\" \/><\/figure>\n\n\n\n<p><\/p>\n\n\n\n<figure class=\"wp-block-image size-large\"><img loading=\"lazy\" decoding=\"async\" width=\"1024\" height=\"684\" src=\"https:\/\/altibati.fr\/wp-content\/uploads\/2025\/08\/DSC01810-1-1024x684.jpg\" alt=\"\" class=\"wp-image-193\" srcset=\"https:\/\/altibati.fr\/wp-content\/uploads\/2025\/08\/DSC01810-1-1024x684.jpg 1024w, https:\/\/altibati.fr\/wp-content\/uploads\/2025\/08\/DSC01810-1-300x200.jpg 300w, https:\/\/altibati.fr\/wp-content\/uploads\/2025\/08\/DSC01810-1-768x513.jpg 768w, https:\/\/altibati.fr\/wp-content\/uploads\/2025\/08\/DSC01810-1-1536x1026.jpg 1536w, https:\/\/altibati.fr\/wp-content\/uploads\/2025\/08\/DSC01810-1-2048x1368.jpg 2048w, https:\/\/altibati.fr\/wp-content\/uploads\/2025\/08\/DSC01810-1-1240x828.jpg 1240w, https:\/\/altibati.fr\/wp-content\/uploads\/2025\/08\/DSC01810-1-508x339.jpg 508w\" sizes=\"auto, (max-width: 1024px) 100vw, 1024px\" \/><\/figure>\n\n\n\n<p><\/p>\n\n\n\n<p><\/p>\n\n\n\n<figure class=\"wp-block-image size-large\"><img loading=\"lazy\" decoding=\"async\" width=\"1024\" height=\"768\" src=\"http:\/\/altibati.fr\/wp-content\/uploads\/2024\/10\/IMG_2498-1024x768.jpg\" alt=\"\" class=\"wp-image-81\" srcset=\"https:\/\/altibati.fr\/wp-content\/uploads\/2024\/10\/IMG_2498-1024x768.jpg 1024w, https:\/\/altibati.fr\/wp-content\/uploads\/2024\/10\/IMG_2498-300x225.jpg 300w, https:\/\/altibati.fr\/wp-content\/uploads\/2024\/10\/IMG_2498-768x576.jpg 768w, https:\/\/altibati.fr\/wp-content\/uploads\/2024\/10\/IMG_2498-1536x1152.jpg 1536w, https:\/\/altibati.fr\/wp-content\/uploads\/2024\/10\/IMG_2498-2048x1536.jpg 2048w, https:\/\/altibati.fr\/wp-content\/uploads\/2024\/10\/IMG_2498-1240x930.jpg 1240w, https:\/\/altibati.fr\/wp-content\/uploads\/2024\/10\/IMG_2498-508x381.jpg 508w\" sizes=\"auto, (max-width: 1024px) 100vw, 1024px\" \/><\/figure>\n","protected":false},"excerpt":{"rendered":"<p>Altibati propose la r\u00e9alisation de charpente traditionnelle en bois pour des maisons en construction ou en r\u00e9novation ainsi que des maisons en structure bois et des am\u00e9nagements ext\u00e9rieurs.<\/p>\n","protected":false},"author":1,"featured_media":0,"parent":0,"menu_order":0,"comment_status":"closed","ping_status":"closed","template":"","meta":{"footnotes":""},"class_list":["post-32","page","type-page","status-publish","hentry"],"_links":{"self":[{"href":"https:\/\/altibati.fr\/index.php\/wp-json\/wp\/v2\/pages\/32","targetHints":{"allow":["GET"]}}],"collection":[{"href":"https:\/\/altibati.fr\/index.php\/wp-json\/wp\/v2\/pages"}],"about":[{"href":"https:\/\/altibati.fr\/index.php\/wp-json\/wp\/v2\/types\/page"}],"author":[{"embeddable":true,"href":"https:\/\/altibati.fr\/index.php\/wp-json\/wp\/v2\/users\/1"}],"replies":[{"embeddable":true,"href":"https:\/\/altibati.fr\/index.php\/wp-json\/wp\/v2\/comments?post=32"}],"version-history":[{"count":5,"href":"https:\/\/altibati.fr\/index.php\/wp-json\/wp\/v2\/pages\/32\/revisions"}],"predecessor-version":[{"id":195,"href":"https:\/\/altibati.fr\/index.php\/wp-json\/wp\/v2\/pages\/32\/revisions\/195"}],"wp:attachment":[{"href":"https:\/\/altibati.fr\/index.php\/wp-json\/wp\/v2\/media?parent=32"}],"curies":[{"name":"wp","href":"https:\/\/api.w.org\/{rel}","templated":true}]}}