{"id":36,"date":"2024-09-14T17:47:16","date_gmt":"2024-09-14T15:47:16","guid":{"rendered":"https:\/\/altibati.fr\/?page_id=36"},"modified":"2025-12-08T13:21:44","modified_gmt":"2025-12-08T12:21:44","slug":"presentation","status":"publish","type":"page","link":"https:\/\/altibati.fr\/","title":{"rendered":"Pr\u00e9sentation"},"content":{"rendered":"\n<p>Altibati a pour cadre d\u2019activit\u00e9 la r\u00e9alisation de chantiers de charpente, ma\u00e7onnerie ainsi que divers travaux d&rsquo;acc\u00e8s difficile ou travaux sur cordes.<\/p>\n\n\n\n<p>Form\u00e9 et exp\u00e9riment\u00e9 dans diff\u00e9rentes activit\u00e9s depuis plus de 20 ans (la charpente, la couverture et la ma\u00e7onnerie) ainsi que les travaux sur cordes depuis 10 ans (CQP1 et CQP2).<\/p>\n\n\n\n<p>Ces activit\u00e9s \u00e9tant compl\u00e9mentaires suivant les chantiers, elles y am\u00e8nent une polyvalence.<\/p>\n\n\n\n<p><\/p>\n\n\n\n<figure class=\"wp-block-gallery has-nested-images columns-default is-cropped wp-block-gallery-1 is-layout-flex wp-block-gallery-is-layout-flex\">\n<figure class=\"wp-block-image size-large\"><img loading=\"lazy\" decoding=\"async\" width=\"1024\" height=\"690\" data-id=\"83\" src=\"https:\/\/altibati.fr\/wp-content\/uploads\/2024\/10\/IMG-20230608-WA0002-1024x690.jpg\" alt=\"\" class=\"wp-image-83\" srcset=\"https:\/\/altibati.fr\/wp-content\/uploads\/2024\/10\/IMG-20230608-WA0002-1024x690.jpg 1024w, https:\/\/altibati.fr\/wp-content\/uploads\/2024\/10\/IMG-20230608-WA0002-300x202.jpg 300w, https:\/\/altibati.fr\/wp-content\/uploads\/2024\/10\/IMG-20230608-WA0002-768x517.jpg 768w, https:\/\/altibati.fr\/wp-content\/uploads\/2024\/10\/IMG-20230608-WA0002-1536x1035.jpg 1536w, https:\/\/altibati.fr\/wp-content\/uploads\/2024\/10\/IMG-20230608-WA0002-1240x835.jpg 1240w, https:\/\/altibati.fr\/wp-content\/uploads\/2024\/10\/IMG-20230608-WA0002-508x342.jpg 508w, https:\/\/altibati.fr\/wp-content\/uploads\/2024\/10\/IMG-20230608-WA0002.jpg 1600w\" sizes=\"auto, (max-width: 1024px) 100vw, 1024px\" \/><\/figure>\n<\/figure>\n\n\n\n<p><\/p>\n\n\n\n<figure class=\"wp-block-image size-large\"><img loading=\"lazy\" decoding=\"async\" width=\"1024\" height=\"724\" src=\"https:\/\/altibati.fr\/wp-content\/uploads\/2025\/09\/Tableau-de-presentation-travaux-2-1024x724.jpg\" alt=\"\" class=\"wp-image-214\" style=\"aspect-ratio:3\/2;object-fit:cover\" srcset=\"https:\/\/altibati.fr\/wp-content\/uploads\/2025\/09\/Tableau-de-presentation-travaux-2-1024x724.jpg 1024w, https:\/\/altibati.fr\/wp-content\/uploads\/2025\/09\/Tableau-de-presentation-travaux-2-300x212.jpg 300w, https:\/\/altibati.fr\/wp-content\/uploads\/2025\/09\/Tableau-de-presentation-travaux-2-768x543.jpg 768w, https:\/\/altibati.fr\/wp-content\/uploads\/2025\/09\/Tableau-de-presentation-travaux-2-508x359.jpg 508w, https:\/\/altibati.fr\/wp-content\/uploads\/2025\/09\/Tableau-de-presentation-travaux-2.jpg 1123w\" sizes=\"auto, (max-width: 1024px) 100vw, 1024px\" \/><\/figure>\n\n\n\n<figure class=\"wp-block-image size-large\"><img loading=\"lazy\" decoding=\"async\" width=\"768\" height=\"1024\" src=\"https:\/\/altibati.fr\/wp-content\/uploads\/2025\/12\/IMG-20251201-WA0010-768x1024.jpg\" alt=\"\" class=\"wp-image-224\" srcset=\"https:\/\/altibati.fr\/wp-content\/uploads\/2025\/12\/IMG-20251201-WA0010-768x1024.jpg 768w, https:\/\/altibati.fr\/wp-content\/uploads\/2025\/12\/IMG-20251201-WA0010-225x300.jpg 225w, https:\/\/altibati.fr\/wp-content\/uploads\/2025\/12\/IMG-20251201-WA0010-1152x1536.jpg 1152w, https:\/\/altibati.fr\/wp-content\/uploads\/2025\/12\/IMG-20251201-WA0010-508x677.jpg 508w, https:\/\/altibati.fr\/wp-content\/uploads\/2025\/12\/IMG-20251201-WA0010.jpg 1200w\" sizes=\"auto, (max-width: 768px) 100vw, 768px\" \/><\/figure>\n","protected":false},"excerpt":{"rendered":"<p>Altibati a pour cadre d\u2019activit\u00e9 la r\u00e9alisation de chantiers de charpente, ma\u00e7onnerie ainsi que divers travaux d&rsquo;acc\u00e8s difficile ou travaux sur cordes. Form\u00e9 et exp\u00e9riment\u00e9 dans diff\u00e9rentes activit\u00e9s depuis plus de 20 ans (la charpente, la couverture et la ma\u00e7onnerie) ainsi que les travaux sur cordes depuis 10 ans (CQP1 et CQP2). Ces activit\u00e9s \u00e9tant [&hellip;]<\/p>\n","protected":false},"author":1,"featured_media":0,"parent":0,"menu_order":0,"comment_status":"closed","ping_status":"closed","template":"","meta":{"footnotes":""},"class_list":["post-36","page","type-page","status-publish","hentry"],"_links":{"self":[{"href":"https:\/\/altibati.fr\/index.php\/wp-json\/wp\/v2\/pages\/36","targetHints":{"allow":["GET"]}}],"collection":[{"href":"https:\/\/altibati.fr\/index.php\/wp-json\/wp\/v2\/pages"}],"about":[{"href":"https:\/\/altibati.fr\/index.php\/wp-json\/wp\/v2\/types\/page"}],"author":[{"embeddable":true,"href":"https:\/\/altibati.fr\/index.php\/wp-json\/wp\/v2\/users\/1"}],"replies":[{"embeddable":true,"href":"https:\/\/altibati.fr\/index.php\/wp-json\/wp\/v2\/comments?post=36"}],"version-history":[{"count":14,"href":"https:\/\/altibati.fr\/index.php\/wp-json\/wp\/v2\/pages\/36\/revisions"}],"predecessor-version":[{"id":225,"href":"https:\/\/altibati.fr\/index.php\/wp-json\/wp\/v2\/pages\/36\/revisions\/225"}],"wp:attachment":[{"href":"https:\/\/altibati.fr\/index.php\/wp-json\/wp\/v2\/media?parent=36"}],"curies":[{"name":"wp","href":"https:\/\/api.w.org\/{rel}","templated":true}]}}